{"id":672,"date":"2018-06-22T18:34:04","date_gmt":"2018-06-22T18:34:04","guid":{"rendered":"http:\/\/www.exic.mx\/?post_type=product&#038;p=672"},"modified":"2018-06-22T19:34:45","modified_gmt":"2018-06-22T19:34:45","slug":"impresora-3d-dremel-3d40","status":"publish","type":"product","link":"http:\/\/www.exic.mx\/index.php\/producto\/impresora-3d-dremel-3d40\/","title":{"rendered":"Impresora 3D Dremel 3D40 Edu"},"content":{"rendered":"<ul>\n<li>Incluye el generador de ideas Dremel Digilab 3D40<\/li>\n<li>La impresora 3D m\u00e1s f\u00e1cil de configurar y usar de Dremel, perfecta para el aula<\/li>\n<li>Comience a imprimir con su clase al instante con 30 planes de lecciones alineados con los est\u00e1ndares<\/li>\n<li>Ense\u00f1e a los alumnos a resolver problemas abiertos mediante la creaci\u00f3n de sus propios modelos y prototipos<\/li>\n<li>Obtenga 4 horas de cr\u00e9ditos de desarrollo profesional con el curso de impresi\u00f3n 3D incluido para maestro<\/li>\n<li>Ampl\u00ede los proyectos de sus estudiantes con 3 carretes de filamento (negro, azul, naranja) y comience r\u00e1pidamente su pr\u00f3xima impresi\u00f3n con una placa de construcci\u00f3n de vidrio adicional<\/li>\n<\/ul>\n<div id=\"themify_builder_content-672\" data-postid=\"672\" class=\"themify_builder_content themify_builder_content-672 themify_builder themify_builder_front\">\n\n\t<\/div>\n<!-- \/themify_builder_content -->","protected":false},"excerpt":{"rendered":"<p>Dise\u00f1a Crea y Aprende. Dale la bienvenida a la impresi\u00f3n 3D en tu colegio.<\/p>\n<p>&nbsp;<\/p>\n<ul>\n<li>Completamente cerrada para proteger tu impresi\u00f3n<\/li>\n<li>Control de movimiento avanzado que minimiza el ruido<\/li>\n<li>Resoluci\u00f3n de 100 micrones para alta calidad de impresi\u00f3n<\/li>\n<li>Innovador extrusor con monitoreo de filamento para evitar fallas en la impresi\u00f3n<\/li>\n<li>Sistema de enfriamiento mejorado evita deformaciones y mantiene tus objetos rigidos<\/li>\n<li>Red habilitada para la construcci\u00f3n y la supervici\u00f3n a trav\u00e9s de WI-FI y Ethernet<\/li>\n<\/ul>\n","protected":false},"featured_media":689,"comment_status":"open","ping_status":"closed","template":"","meta":[],"_links":{"self":[{"href":"http:\/\/www.exic.mx\/index.php\/wp-json\/wp\/v2\/product\/672"}],"collection":[{"href":"http:\/\/www.exic.mx\/index.php\/wp-json\/wp\/v2\/product"}],"about":[{"href":"http:\/\/www.exic.mx\/index.php\/wp-json\/wp\/v2\/types\/product"}],"replies":[{"embeddable":true,"href":"http:\/\/www.exic.mx\/index.php\/wp-json\/wp\/v2\/comments?post=672"}],"wp:featuredmedia":[{"embeddable":true,"href":"http:\/\/www.exic.mx\/index.php\/wp-json\/wp\/v2\/media\/689"}],"wp:attachment":[{"href":"http:\/\/www.exic.mx\/index.php\/wp-json\/wp\/v2\/media?parent=672"}],"curies":[{"name":"wp","href":"https:\/\/api.w.org\/{rel}","templated":true}]}}