{"id":656,"date":"2017-12-01T22:06:37","date_gmt":"2017-12-01T22:06:37","guid":{"rendered":"http:\/\/www.exic.mx\/?post_type=product&#038;p=656"},"modified":"2017-12-08T16:01:38","modified_gmt":"2017-12-08T16:01:38","slug":"impresora-laser-lexmark-ms317dn","status":"publish","type":"product","link":"http:\/\/www.exic.mx\/index.php\/producto\/impresora-laser-lexmark-ms317dn\/","title":{"rendered":"Impresora l\u00e1ser Lexmark MS317DN"},"content":{"rendered":"<p>Impresi\u00f3n inal\u00e1mbrica y m\u00f3vil a tr\u00e1ves de APP<\/p>\n<p>Impresi\u00f3n a dos caras<\/p>\n<p>Pantalla LCD monocrom\u00e1tica de dos lineas<\/p>\n<p>Imprime hasta 35 p\u00e1ginas por minuto<\/p>\n<div id=\"themify_builder_content-656\" data-postid=\"656\" class=\"themify_builder_content themify_builder_content-656 themify_builder themify_builder_front\">\n\n\t<\/div>\n<!-- \/themify_builder_content -->","protected":false},"excerpt":{"rendered":"<ul>\n<li>Impresi\u00f3n inal\u00e1mbrica y m\u00f3vil a tr\u00e1ves de APP<\/li>\n<li>Impresi\u00f3n a dos caras<\/li>\n<li>Pantalla LCD monocrom\u00e1tica de dos lineas<\/li>\n<li>Imprime hasta 35 p\u00e1ginas por minuto<\/li>\n<li>Conectividad de red incluida<\/li>\n<li>Incluye cartucho de 1,500 p\u00e1ginas (Seg\u00fan ISO\/IEC19752)<\/li>\n<\/ul>\n","protected":false},"featured_media":657,"comment_status":"open","ping_status":"closed","template":"","meta":[],"_links":{"self":[{"href":"http:\/\/www.exic.mx\/index.php\/wp-json\/wp\/v2\/product\/656"}],"collection":[{"href":"http:\/\/www.exic.mx\/index.php\/wp-json\/wp\/v2\/product"}],"about":[{"href":"http:\/\/www.exic.mx\/index.php\/wp-json\/wp\/v2\/types\/product"}],"replies":[{"embeddable":true,"href":"http:\/\/www.exic.mx\/index.php\/wp-json\/wp\/v2\/comments?post=656"}],"wp:featuredmedia":[{"embeddable":true,"href":"http:\/\/www.exic.mx\/index.php\/wp-json\/wp\/v2\/media\/657"}],"wp:attachment":[{"href":"http:\/\/www.exic.mx\/index.php\/wp-json\/wp\/v2\/media?parent=656"}],"curies":[{"name":"wp","href":"https:\/\/api.w.org\/{rel}","templated":true}]}}