{"id":654,"date":"2017-12-01T22:08:04","date_gmt":"2017-12-01T22:08:04","guid":{"rendered":"http:\/\/www.exic.mx\/?post_type=product&#038;p=654"},"modified":"2017-12-08T15:54:44","modified_gmt":"2017-12-08T15:54:44","slug":"multifuncional-lexmark-mx417de","status":"publish","type":"product","link":"http:\/\/www.exic.mx\/index.php\/producto\/multifuncional-lexmark-mx417de\/","title":{"rendered":"Multifuncional Lexmark MX417DE"},"content":{"rendered":"<p>Impresi\u00f3n inal\u00e1mbrica y m\u00f3vil a tr\u00e1ves de APP<\/p>\n<p>Impresi\u00f3n a dos caras<\/p>\n<p>Pantalla touch de 4.3&#8243; a color<\/p>\n<p>Imprime hasta 40 p\u00e1ginas por minuto<\/p>\n<div id=\"themify_builder_content-654\" data-postid=\"654\" class=\"themify_builder_content themify_builder_content-654 themify_builder themify_builder_front\">\n\n\t<\/div>\n<!-- \/themify_builder_content -->","protected":false},"excerpt":{"rendered":"<ul>\n<li>Impresi\u00f3n inal\u00e1mbrica y m\u00f3vil a tr\u00e1ves de APP<\/li>\n<li>Impresi\u00f3n a dos caras<\/li>\n<li>Pantalla touch de 4.3&#8243; a color<\/li>\n<li>Imprime hasta 40 p\u00e1ginas por minuto<\/li>\n<li>Conectividad de red incluida<\/li>\n<li>Funci\u00f3n de impresi\u00f3n confidencial v\u00eda driver<\/li>\n<li>Incluye cartucho de 2,500 p\u00e1ginas (seg\u00fan ISO\/IEC19752)<\/li>\n<\/ul>\n<p>&nbsp;<\/p>\n","protected":false},"featured_media":655,"comment_status":"open","ping_status":"closed","template":"","meta":[],"_links":{"self":[{"href":"http:\/\/www.exic.mx\/index.php\/wp-json\/wp\/v2\/product\/654"}],"collection":[{"href":"http:\/\/www.exic.mx\/index.php\/wp-json\/wp\/v2\/product"}],"about":[{"href":"http:\/\/www.exic.mx\/index.php\/wp-json\/wp\/v2\/types\/product"}],"replies":[{"embeddable":true,"href":"http:\/\/www.exic.mx\/index.php\/wp-json\/wp\/v2\/comments?post=654"}],"wp:featuredmedia":[{"embeddable":true,"href":"http:\/\/www.exic.mx\/index.php\/wp-json\/wp\/v2\/media\/655"}],"wp:attachment":[{"href":"http:\/\/www.exic.mx\/index.php\/wp-json\/wp\/v2\/media?parent=654"}],"curies":[{"name":"wp","href":"https:\/\/api.w.org\/{rel}","templated":true}]}}