{"id":368,"date":"2017-07-05T17:50:20","date_gmt":"2017-07-05T17:50:20","guid":{"rendered":"http:\/\/www.exic.mx\/demo\/?post_type=product&#038;p=368"},"modified":"2017-08-15T16:54:16","modified_gmt":"2017-08-15T16:54:16","slug":"tablet-haier-pad-1042","status":"publish","type":"product","link":"http:\/\/www.exic.mx\/index.php\/producto\/tablet-haier-pad-1042\/","title":{"rendered":"Tablet Haier Pad-1042"},"content":{"rendered":"<ul>\n<li>Pantalla de 10.1&#8243;<\/li>\n<li>Procesador ARM v.7 1.4Ghz Quad Core<\/li>\n<li>Sistema Operativo Android 4.4 Kit Kat<\/li>\n<li>Conectividad Wi-Fi y Bluetooth 4.0<\/li>\n<li>C\u00e1mara: trasera 5 MP \/\u00a0frontal 2 MP<\/li>\n<li>RAM 2GB<\/li>\n<li>Disco Duro 32GB<\/li>\n<\/ul>\n<div id=\"themify_builder_content-368\" data-postid=\"368\" class=\"themify_builder_content themify_builder_content-368 themify_builder themify_builder_front\">\n\n\t<\/div>\n<!-- \/themify_builder_content -->","protected":false},"excerpt":{"rendered":"<p style=\"text-align: justify;\">La\u00a0Tablet Haier PAD 1042\u00a0color\u00a0Blanco,\u00a0est\u00e1 lista para darte horas de diversi\u00f3n, cuenta con un dise\u00f1o din\u00e1mico, f\u00e1cil de usar para todas tus aplicaciones, te permite disfrutar de una velocidad\u00a02GB\u00a0de Memoria\u00a0RAM.\u00a0Adem\u00e1s tiene\u00a032GB de\u00a0almacenamiento,\u00a0un Procesador de\u00a01.4 Ghz\u00a0Quad Core (4 n\u00facleos),\u00a0sistema\u00a0Android 4.4 Kit Kat,\u00a0\u00a0Bluetooth 4.0\u00a0integrado, con lo que podr\u00e1s jugar, trabajar, ver v\u00eddeos, pel\u00edculas y fotos con gran velocidad en\u00a0Pantalla de 10.1\u201d.<\/p>\n","protected":false},"featured_media":374,"comment_status":"open","ping_status":"closed","template":"","meta":[],"_links":{"self":[{"href":"http:\/\/www.exic.mx\/index.php\/wp-json\/wp\/v2\/product\/368"}],"collection":[{"href":"http:\/\/www.exic.mx\/index.php\/wp-json\/wp\/v2\/product"}],"about":[{"href":"http:\/\/www.exic.mx\/index.php\/wp-json\/wp\/v2\/types\/product"}],"replies":[{"embeddable":true,"href":"http:\/\/www.exic.mx\/index.php\/wp-json\/wp\/v2\/comments?post=368"}],"wp:featuredmedia":[{"embeddable":true,"href":"http:\/\/www.exic.mx\/index.php\/wp-json\/wp\/v2\/media\/374"}],"wp:attachment":[{"href":"http:\/\/www.exic.mx\/index.php\/wp-json\/wp\/v2\/media?parent=368"}],"curies":[{"name":"wp","href":"https:\/\/api.w.org\/{rel}","templated":true}]}}